{"id":40,"date":"2023-08-21T16:24:18","date_gmt":"2023-08-21T14:24:18","guid":{"rendered":"https:\/\/familijnydom.com\/?page_id=40"},"modified":"2024-01-24T21:50:05","modified_gmt":"2024-01-24T20:50:05","slug":"home","status":"publish","type":"page","link":"https:\/\/familijnydom.com\/","title":{"rendered":""},"content":{"rendered":"<div\r\n\t\tclass=\"alignfull wp-block-psb-parallax\"\tid='psbParallaxSection-1'\r\n\tdata-attributes='{&quot;cId&quot;:&quot;09ecc0cb-6&quot;,&quot;speed&quot;:-0.23,&quot;background&quot;:{&quot;type&quot;:&quot;image&quot;,&quot;image&quot;:{&quot;id&quot;:80,&quot;url&quot;:&quot;https:\\\/\\\/familijnydom.com\\\/wp-content\\\/uploads\\\/2023\\\/08\\\/cropped-Image4.jpg&quot;,&quot;alt&quot;:&quot;&quot;,&quot;title&quot;:&quot;cropped-Image4.jpg&quot;},&quot;gradient&quot;:&quot;linear-gradient(135deg,rgb(69,39,164) 0%,rgb(131,68,197) 86%)&quot;,&quot;size&quot;:&quot;contain&quot;,&quot;overlayColor&quot;:&quot;rgba(0, 0, 0, 0)&quot;},&quot;minHeight&quot;:&quot;100px&quot;,&quot;padding&quot;:{&quot;vertical&quot;:&quot;0px&quot;,&quot;horizontal&quot;:&quot;0px&quot;,&quot;side&quot;:2,&quot;top&quot;:&quot;20px&quot;,&quot;right&quot;:&quot;30px&quot;,&quot;bottom&quot;:&quot;20px&quot;,&quot;left&quot;:&quot;30px&quot;},&quot;align&quot;:&quot;full&quot;,&quot;verticalAlign&quot;:&quot;center&quot;,&quot;textAlign&quot;:&quot;center&quot;,&quot;styles&quot;:{&quot;particles&quot;:{&quot;color&quot;:{&quot;r&quot;:255,&quot;g&quot;:255,&quot;b&quot;:255},&quot;movingSpeed&quot;:0.8,&quot;density&quot;:10},&quot;leaf&quot;:{&quot;status&quot;:true,&quot;color&quot;:&quot;#16a34a&quot;,&quot;count&quot;:20},&quot;cube&quot;:{&quot;position&quot;:{&quot;x&quot;:{&quot;desktop&quot;:&quot;47%&quot;,&quot;tablet&quot;:&quot;40%&quot;,&quot;mobile&quot;:&quot;42%&quot;},&quot;y&quot;:{&quot;desktop&quot;:&quot;45%&quot;,&quot;tablet&quot;:&quot;45%&quot;,&quot;mobile&quot;:&quot;28%&quot;}},&quot;front&quot;:&quot;#60caf81a&quot;,&quot;back&quot;:&quot;rgba(0, 136, 91, 0.1)&quot;,&quot;top&quot;:&quot;rgba(7, 181, 255, 0.1)&quot;,&quot;bottom&quot;:&quot;rgba(0, 241, 161, 0.1)&quot;,&quot;left&quot;:&quot;rgba(56, 189, 248, 0.1)&quot;,&quot;right&quot;:&quot;rgba(47, 255, 186, 0.1)&quot;,&quot;border&quot;:{&quot;width&quot;:&quot;1px&quot;,&quot;type&quot;:&quot;solid&quot;,&quot;color&quot;:&quot;&quot;}},&quot;t4Styles&quot;:{&quot;backgroundColors&quot;:{&quot;upper&quot;:&quot;#f0fdf4&quot;,&quot;lower&quot;:&quot;#dcfce7&quot;}}},&quot;options&quot;:{&quot;isCube&quot;:true},&quot;selectedTheme&quot;:&quot;default&quot;}'\r\n  data-pipecheck='false'\r\n>\r\n  <style>\r\n    \r\n  #psbParallaxSection-1{\r\n    min-height: 100px;\r\n  }\r\n  #psbParallaxSection-1 .psbParallaxSection{\r\n    justify-content: center;\r\n    text-align: center;\r\n    min-height: 100px;\r\n    padding: 0px 0px;\r\n  }\r\n  #psbParallaxSection-1 .psbParallaxImg{\r\n    background: url(https:\/\/familijnydom.com\/wp-content\/uploads\/2023\/08\/cropped-Image4.jpg);background-color: rgba(0, 0, 0, 0);background-position: center center;background-size: contain;background-blend-mode: overlay;\r\n  }\r\n  <\/style>\r\n\r\n  <div class='psbParallaxImg' data-speed='-0.23'><\/div>\r\n\r\n  <div class='psbParallaxSection'>\r\n    \n\n<figure class=\"wp-block-image alignfull size-full is-style-default coblocks-animate\" data-coblocks-animation=\"slideInLeft\"><img loading=\"lazy\" decoding=\"async\" width=\"1920\" height=\"1080\" src=\"https:\/\/familijnydom.com\/wp-content\/uploads\/2023\/08\/\u2014Pngtree\u2014light-effect-yellow-light-flash_7275687.png\" alt=\"\" class=\"wp-image-71\" srcset=\"https:\/\/familijnydom.com\/wp-content\/uploads\/2023\/08\/\u2014Pngtree\u2014light-effect-yellow-light-flash_7275687.png 1920w, https:\/\/familijnydom.com\/wp-content\/uploads\/2023\/08\/\u2014Pngtree\u2014light-effect-yellow-light-flash_7275687-300x169.png 300w, https:\/\/familijnydom.com\/wp-content\/uploads\/2023\/08\/\u2014Pngtree\u2014light-effect-yellow-light-flash_7275687-1024x576.png 1024w, https:\/\/familijnydom.com\/wp-content\/uploads\/2023\/08\/\u2014Pngtree\u2014light-effect-yellow-light-flash_7275687-768x432.png 768w, https:\/\/familijnydom.com\/wp-content\/uploads\/2023\/08\/\u2014Pngtree\u2014light-effect-yellow-light-flash_7275687-1536x864.png 1536w\" sizes=\"auto, (max-width: 1920px) 100vw, 1920px\" \/><\/figure>\n\n  <\/div>\r\n<\/div>\n\n\n<div class=\"wp-block-cover alignfull is-light is-style-default\" style=\"min-height:699px;aspect-ratio:unset;\"><span aria-hidden=\"true\" class=\"wp-block-cover__background has-background-dim\"><\/span><img loading=\"lazy\" decoding=\"async\" width=\"1920\" height=\"551\" class=\"wp-block-cover__image-background wp-image-160\" alt=\"\" src=\"https:\/\/familijnydom.com\/wp-content\/uploads\/2023\/08\/crop-0-0-1920-551-0-cropped-Image3.jpg\" style=\"object-position:99% 0%\" data-object-fit=\"cover\" data-object-position=\"99% 0%\" srcset=\"https:\/\/familijnydom.com\/wp-content\/uploads\/2023\/08\/crop-0-0-1920-551-0-cropped-Image3.jpg 1920w, https:\/\/familijnydom.com\/wp-content\/uploads\/2023\/08\/crop-0-0-1920-551-0-cropped-Image3-300x86.jpg 300w, https:\/\/familijnydom.com\/wp-content\/uploads\/2023\/08\/crop-0-0-1920-551-0-cropped-Image3-1024x294.jpg 1024w, https:\/\/familijnydom.com\/wp-content\/uploads\/2023\/08\/crop-0-0-1920-551-0-cropped-Image3-768x220.jpg 768w, https:\/\/familijnydom.com\/wp-content\/uploads\/2023\/08\/crop-0-0-1920-551-0-cropped-Image3-1536x441.jpg 1536w, https:\/\/familijnydom.com\/wp-content\/uploads\/2023\/08\/crop-0-0-1920-551-0-cropped-Image3-500x143.jpg 500w, https:\/\/familijnydom.com\/wp-content\/uploads\/2023\/08\/crop-0-0-1920-551-0-cropped-Image3-800x230.jpg 800w, https:\/\/familijnydom.com\/wp-content\/uploads\/2023\/08\/crop-0-0-1920-551-0-cropped-Image3-1280x367.jpg 1280w, https:\/\/familijnydom.com\/wp-content\/uploads\/2023\/08\/crop-0-0-1920-551-0-cropped-Image3-1568x450.jpg 1568w\" sizes=\"auto, (max-width: 1920px) 100vw, 1920px\" \/><div class=\"wp-block-cover__inner-container is-layout-flow wp-block-cover-is-layout-flow\">\n<p class=\"has-text-align-center has-background-color has-text-color has-large-font-size\">Nowoczesne budynki segmentowe \u2013 komfortowe miejsce do zamieszkania lub inwestycji<\/p>\n\n\n\n<p class=\"has-background-color has-text-color\">Zakup nowoczesnego budynku segmentowego \u2013 najlepsza inwestycja dla przysz\u0142o\u015bci<br>Marzysz o w\u0142asnym komfortowym i funkcjonalnym miejscu do zamieszkania? A mo\u017ce szukasz atrakcyjnej inwestycji, kt\u00f3ra zapewni Ci wysoki zwrot zainwestowanych \u015brodk\u00f3w? Prezentujemy Ci wyj\u0105tkow\u0105 okazj\u0119 \u2013 nowoczesny budynek segmentowy sk\u0142adaj\u0105cy si\u0119 z czterech cz\u0119\u015bci, kt\u00f3ry jest obecnie w trakcie budowy.<\/p>\n\n\n\n<p class=\"has-background-color has-text-color has-normal-font-size\">Wyj\u0105tkowo\u015b\u0107 tego budynku polega na jego lokalizacji, kt\u00f3ra \u0142\u0105czy spok\u00f3j z dogodnym dost\u0119pem do najwa\u017cniejszych punkt\u00f3w w mie\u015bcie. W pobli\u017cu znajduj\u0105 si\u0119 szko\u0142y, przedszkola, sklepy oraz tereny rekreacyjne, kt\u00f3re sprawi\u0105, \u017ce Twoje codzienne \u017cycie b\u0119dzie jeszcze wygodniejsze i bardziej komfortowe.<\/p>\n\n\n\n<p><\/p>\n<\/div><\/div>\n\n\n\n<div class=\"wp-block-cover alignfull\"><span aria-hidden=\"true\" class=\"wp-block-cover__background has-background-dim-100 has-background-dim\" style=\"background-color:#65879d\"><\/span><div class=\"wp-block-cover__inner-container is-layout-flow wp-block-cover-is-layout-flow\">\n<p class=\"has-text-align-center has-large-font-size\">Przestrze\u0144 i funkcjonalno\u015b\u0107 dla Twojego komfortu<\/p>\n\n\n\n\n\n<figure class=\"wp-block-image size-large is-resized\"><img loading=\"lazy\" decoding=\"async\" src=\"https:\/\/familijnydom.com\/wp-content\/uploads\/2023\/08\/render-34-kolumny-blizniak-2023-07-18-1024x576.png\" alt=\"\" class=\"wp-image-55\" width=\"394\" height=\"221\" srcset=\"https:\/\/familijnydom.com\/wp-content\/uploads\/2023\/08\/render-34-kolumny-blizniak-2023-07-18-1024x576.png 1024w, https:\/\/familijnydom.com\/wp-content\/uploads\/2023\/08\/render-34-kolumny-blizniak-2023-07-18-300x169.png 300w, https:\/\/familijnydom.com\/wp-content\/uploads\/2023\/08\/render-34-kolumny-blizniak-2023-07-18-768x432.png 768w, https:\/\/familijnydom.com\/wp-content\/uploads\/2023\/08\/render-34-kolumny-blizniak-2023-07-18-1536x864.png 1536w, https:\/\/familijnydom.com\/wp-content\/uploads\/2023\/08\/render-34-kolumny-blizniak-2023-07-18.png 1920w\" sizes=\"auto, (max-width: 394px) 100vw, 394px\" \/><\/figure>\n\n\n\n<figure class=\"wp-block-image size-large\"><img loading=\"lazy\" decoding=\"async\" width=\"1024\" height=\"576\" src=\"https:\/\/familijnydom.com\/wp-content\/uploads\/2023\/08\/render-36-kolumny-blizniak-2023-07-18-1024x576.png\" alt=\"\" class=\"wp-image-56\" srcset=\"https:\/\/familijnydom.com\/wp-content\/uploads\/2023\/08\/render-36-kolumny-blizniak-2023-07-18-1024x576.png 1024w, https:\/\/familijnydom.com\/wp-content\/uploads\/2023\/08\/render-36-kolumny-blizniak-2023-07-18-300x169.png 300w, https:\/\/familijnydom.com\/wp-content\/uploads\/2023\/08\/render-36-kolumny-blizniak-2023-07-18-768x432.png 768w, https:\/\/familijnydom.com\/wp-content\/uploads\/2023\/08\/render-36-kolumny-blizniak-2023-07-18-1536x864.png 1536w, https:\/\/familijnydom.com\/wp-content\/uploads\/2023\/08\/render-36-kolumny-blizniak-2023-07-18.png 1920w\" sizes=\"auto, (max-width: 1024px) 100vw, 1024px\" \/><\/figure>\n\n\n\n\n\n<p class=\"has-normal-font-size\">Ka\u017cda cz\u0119\u015b\u0107 tego budynku segmentowego sk\u0142ada si\u0119 z przestronnego salonu z aneksem kuchennym, trzech wygodnych sypialni, dw\u00f3ch eleganckich \u0142azienek oraz pomieszczenia gospodarczego. Du\u017ce okna w salonie i sypialniach zapewniaj\u0105 obfit\u0105 ilo\u015b\u0107 naturalnego \u015bwiat\u0142a, co przyczynia si\u0119 do stworzenia przyjemnej atmosfery wewn\u0105trz budynku. Ponadto, wysokiej jako\u015bci materia\u0142y budowlane, z kt\u00f3rych zosta\u0142 wykonany, gwarantuj\u0105 trwa\u0142o\u015b\u0107 konstrukcji i d\u0142ugotrwa\u0142e u\u017cytkowanie bez konieczno\u015bci cz\u0119stych remont\u00f3w i napraw.<\/p>\n\n\n<\/div><\/div>\n\n\n\n<div class=\"wp-block-cover alignfull\"><span aria-hidden=\"true\" class=\"wp-block-cover__background has-foreground-background-color has-background-dim-100 has-background-dim\"><\/span><div class=\"wp-block-cover__inner-container is-layout-flow wp-block-cover-is-layout-flow\">\n\n\n<figure class=\"wp-block-image size-large\"><img loading=\"lazy\" decoding=\"async\" width=\"1024\" height=\"576\" src=\"https:\/\/familijnydom.com\/wp-content\/uploads\/2024\/01\/render-18-kolumny-blizniak-2023-06-13-1024x576.png\" alt=\"\" class=\"wp-image-170\" srcset=\"https:\/\/familijnydom.com\/wp-content\/uploads\/2024\/01\/render-18-kolumny-blizniak-2023-06-13-1024x576.png 1024w, https:\/\/familijnydom.com\/wp-content\/uploads\/2024\/01\/render-18-kolumny-blizniak-2023-06-13-300x169.png 300w, https:\/\/familijnydom.com\/wp-content\/uploads\/2024\/01\/render-18-kolumny-blizniak-2023-06-13-768x432.png 768w, https:\/\/familijnydom.com\/wp-content\/uploads\/2024\/01\/render-18-kolumny-blizniak-2023-06-13-1536x864.png 1536w, https:\/\/familijnydom.com\/wp-content\/uploads\/2024\/01\/render-18-kolumny-blizniak-2023-06-13-500x281.png 500w, https:\/\/familijnydom.com\/wp-content\/uploads\/2024\/01\/render-18-kolumny-blizniak-2023-06-13-800x450.png 800w, https:\/\/familijnydom.com\/wp-content\/uploads\/2024\/01\/render-18-kolumny-blizniak-2023-06-13-1280x720.png 1280w, https:\/\/familijnydom.com\/wp-content\/uploads\/2024\/01\/render-18-kolumny-blizniak-2023-06-13-1568x882.png 1568w, https:\/\/familijnydom.com\/wp-content\/uploads\/2024\/01\/render-18-kolumny-blizniak-2023-06-13.png 1920w\" sizes=\"auto, (max-width: 1024px) 100vw, 1024px\" \/><\/figure>\n\n\n\n<figure class=\"wp-block-image size-large\"><img loading=\"lazy\" decoding=\"async\" width=\"1024\" height=\"576\" src=\"https:\/\/familijnydom.com\/wp-content\/uploads\/2023\/08\/render-33-kolumny-blizniak-2023-07-18-1024x576.png\" alt=\"\" class=\"wp-image-54\" srcset=\"https:\/\/familijnydom.com\/wp-content\/uploads\/2023\/08\/render-33-kolumny-blizniak-2023-07-18-1024x576.png 1024w, https:\/\/familijnydom.com\/wp-content\/uploads\/2023\/08\/render-33-kolumny-blizniak-2023-07-18-300x169.png 300w, https:\/\/familijnydom.com\/wp-content\/uploads\/2023\/08\/render-33-kolumny-blizniak-2023-07-18-768x432.png 768w, https:\/\/familijnydom.com\/wp-content\/uploads\/2023\/08\/render-33-kolumny-blizniak-2023-07-18-1536x864.png 1536w, https:\/\/familijnydom.com\/wp-content\/uploads\/2023\/08\/render-33-kolumny-blizniak-2023-07-18.png 1920w\" sizes=\"auto, (max-width: 1024px) 100vw, 1024px\" \/><\/figure>\n\n\n\n\n\n<figure class=\"wp-block-image size-large\"><img loading=\"lazy\" decoding=\"async\" width=\"1024\" height=\"576\" src=\"https:\/\/familijnydom.com\/wp-content\/uploads\/2024\/01\/render-20-kolumny-blizniak-2023-06-13-1024x576.png\" alt=\"\" class=\"wp-image-171\" srcset=\"https:\/\/familijnydom.com\/wp-content\/uploads\/2024\/01\/render-20-kolumny-blizniak-2023-06-13-1024x576.png 1024w, https:\/\/familijnydom.com\/wp-content\/uploads\/2024\/01\/render-20-kolumny-blizniak-2023-06-13-300x169.png 300w, https:\/\/familijnydom.com\/wp-content\/uploads\/2024\/01\/render-20-kolumny-blizniak-2023-06-13-768x432.png 768w, https:\/\/familijnydom.com\/wp-content\/uploads\/2024\/01\/render-20-kolumny-blizniak-2023-06-13-1536x864.png 1536w, https:\/\/familijnydom.com\/wp-content\/uploads\/2024\/01\/render-20-kolumny-blizniak-2023-06-13-500x281.png 500w, https:\/\/familijnydom.com\/wp-content\/uploads\/2024\/01\/render-20-kolumny-blizniak-2023-06-13-800x450.png 800w, https:\/\/familijnydom.com\/wp-content\/uploads\/2024\/01\/render-20-kolumny-blizniak-2023-06-13-1280x720.png 1280w, https:\/\/familijnydom.com\/wp-content\/uploads\/2024\/01\/render-20-kolumny-blizniak-2023-06-13-1568x882.png 1568w, https:\/\/familijnydom.com\/wp-content\/uploads\/2024\/01\/render-20-kolumny-blizniak-2023-06-13.png 1920w\" sizes=\"auto, (max-width: 1024px) 100vw, 1024px\" \/><\/figure>\n\n\n\n<p>Ponadto, jako nabywca budynku, masz mo\u017cliwo\u015b\u0107 dostosowania wn\u0119trz wed\u0142ug swoich w\u0142asnych upodoba\u0144. Mo\u017cesz wybra\u0107 kolory \u015bcian, rodzaj pod\u0142ogi oraz dodatki, kt\u00f3re odzwierciedlaj\u0105 Tw\u00f3j unikalny styl i gust. Dzi\u0119ki temu, poczujesz si\u0119 naprawd\u0119 komfortowo i zrelaksowany w swoim nowym domu.<\/p>\n\n\n<\/div><\/div>\n\n\n\n<div class=\"wp-block-cover alignfull\" style=\"min-height:992px;aspect-ratio:unset;\"><span aria-hidden=\"true\" class=\"wp-block-cover__background has-primary-background-color has-background-dim\"><\/span><img loading=\"lazy\" decoding=\"async\" width=\"1920\" height=\"1080\" class=\"wp-block-cover__image-background wp-image-62\" alt=\"\" src=\"https:\/\/familijnydom.com\/wp-content\/uploads\/2023\/08\/Image7.jpg\" data-object-fit=\"cover\" srcset=\"https:\/\/familijnydom.com\/wp-content\/uploads\/2023\/08\/Image7.jpg 1920w, https:\/\/familijnydom.com\/wp-content\/uploads\/2023\/08\/Image7-300x169.jpg 300w, https:\/\/familijnydom.com\/wp-content\/uploads\/2023\/08\/Image7-1024x576.jpg 1024w, https:\/\/familijnydom.com\/wp-content\/uploads\/2023\/08\/Image7-768x432.jpg 768w, https:\/\/familijnydom.com\/wp-content\/uploads\/2023\/08\/Image7-1536x864.jpg 1536w\" sizes=\"auto, (max-width: 1920px) 100vw, 1920px\" \/><div class=\"wp-block-cover__inner-container is-layout-flow wp-block-cover-is-layout-flow\">\n<p class=\"has-text-align-center has-large-font-size\">Atrakcyjne dodatki dla Twojej wygody<\/p>\n\n\n\n<p><br>Nasi projektanci dbaj\u0105 o to, aby zapewni\u0107 maksymalny komfort i wygod\u0119 mieszka\u0144com tego budynku segmentowego. Dlatego te\u017c, oferujemy ziele\u0144ce, tarasy i miejsca parkingowe, kt\u00f3re zapewni\u0105 Ci pe\u0142n\u0105 swobod\u0119 podczas sp\u0119dzania czasu na \u015bwie\u017cym powietrzu. Mo\u017cesz cieszy\u0107 si\u0119 zieleni\u0105 i relaksowa\u0107 si\u0119 na tarasie, a tak\u017ce bez problemu zaparkowa\u0107 swoje samochody na dedykowanych miejscach parkingowych. Naszym celem jest stworzenie miejsca, w kt\u00f3rym b\u0119dziesz czu\u0107 si\u0119 jak w oazie spokoju i harmonii.<\/p>\n\n\n\n<p><\/p>\n<\/div><\/div>\n\n\n\n<div class=\"wp-block-cover alignfull is-light\" style=\"min-height:1175px;aspect-ratio:unset;\"><span aria-hidden=\"true\" class=\"wp-block-cover__background has-background-dim-0 has-background-dim\"><\/span><img loading=\"lazy\" decoding=\"async\" width=\"1920\" height=\"1080\" class=\"wp-block-cover__image-background wp-image-57\" alt=\"\" src=\"https:\/\/familijnydom.com\/wp-content\/uploads\/2023\/08\/Image1.jpg\" data-object-fit=\"cover\" srcset=\"https:\/\/familijnydom.com\/wp-content\/uploads\/2023\/08\/Image1.jpg 1920w, https:\/\/familijnydom.com\/wp-content\/uploads\/2023\/08\/Image1-300x169.jpg 300w, https:\/\/familijnydom.com\/wp-content\/uploads\/2023\/08\/Image1-1024x576.jpg 1024w, https:\/\/familijnydom.com\/wp-content\/uploads\/2023\/08\/Image1-768x432.jpg 768w, https:\/\/familijnydom.com\/wp-content\/uploads\/2023\/08\/Image1-1536x864.jpg 1536w\" sizes=\"auto, (max-width: 1920px) 100vw, 1920px\" \/><div class=\"wp-block-cover__inner-container is-layout-flow wp-block-cover-is-layout-flow\">\n<p><\/p>\n\n\n\n<p><\/p>\n\n\n\n<p><\/p>\n\n\n\n<p><\/p>\n\n\n\n<p><\/p>\n\n\n\n<p><\/p>\n\n\n\n<p class=\"has-background\" style=\"background-color:#ffffff00\"><\/p>\n\n\n\n<p class=\"has-text-align-left has-black-color has-text-color has-background has-large-font-size\" style=\"background-color:#ffe38e80\">Je\u015bli szukasz nowoczesnego i funkcjonalnego miejsca do zamieszkania lub atrakcyjnej inwestycji, nasz budynek segmentowy jest idealnym rozwi\u0105zaniem dla Ciebie. Zapraszamy do kontaktu i wi\u0119cej informacji na temat tej wyj\u0105tkowej okazji!<\/p>\n\n\n\n<p><\/p>\n\n\n\n<p><\/p>\n\n\n\n<p><\/p>\n\n\n\n<p><\/p>\n\n\n\n<p><\/p>\n<\/div><\/div>\n\n\n\n<p><br><br><\/p>\n","protected":false},"excerpt":{"rendered":"","protected":false},"author":1,"featured_media":0,"parent":0,"menu_order":0,"comment_status":"closed","ping_status":"closed","template":"","meta":{"_coblocks_attr":"","_coblocks_dimensions":"","_coblocks_responsive_height":"","_coblocks_accordion_ie_support":"","_monsterinsights_skip_tracking":false,"_monsterinsights_sitenote_active":false,"_monsterinsights_sitenote_note":"","_monsterinsights_sitenote_category":0,"footnotes":""},"class_list":["post-40","page","type-page","status-publish","hentry","entry"],"aioseo_notices":[],"jetpack_sharing_enabled":true,"_links":{"self":[{"href":"https:\/\/familijnydom.com\/index.php?rest_route=\/wp\/v2\/pages\/40","targetHints":{"allow":["GET"]}}],"collection":[{"href":"https:\/\/familijnydom.com\/index.php?rest_route=\/wp\/v2\/pages"}],"about":[{"href":"https:\/\/familijnydom.com\/index.php?rest_route=\/wp\/v2\/types\/page"}],"author":[{"embeddable":true,"href":"https:\/\/familijnydom.com\/index.php?rest_route=\/wp\/v2\/users\/1"}],"replies":[{"embeddable":true,"href":"https:\/\/familijnydom.com\/index.php?rest_route=%2Fwp%2Fv2%2Fcomments&post=40"}],"version-history":[{"count":50,"href":"https:\/\/familijnydom.com\/index.php?rest_route=\/wp\/v2\/pages\/40\/revisions"}],"predecessor-version":[{"id":301,"href":"https:\/\/familijnydom.com\/index.php?rest_route=\/wp\/v2\/pages\/40\/revisions\/301"}],"wp:attachment":[{"href":"https:\/\/familijnydom.com\/index.php?rest_route=%2Fwp%2Fv2%2Fmedia&parent=40"}],"curies":[{"name":"wp","href":"https:\/\/api.w.org\/{rel}","templated":true}]}}