{"id":259,"date":"2024-01-24T20:58:02","date_gmt":"2024-01-24T19:58:02","guid":{"rendered":"https:\/\/familijnydom.com\/?page_id=259"},"modified":"2024-01-25T10:42:51","modified_gmt":"2024-01-25T09:42:51","slug":"oferta-2","status":"publish","type":"page","link":"https:\/\/familijnydom.com\/?page_id=259","title":{"rendered":"Oferta"},"content":{"rendered":"\n<div class=\"wp-block-cover alignfull\"><span aria-hidden=\"true\" class=\"wp-block-cover__background has-primary-background-color has-background-dim-100 has-background-dim\"><\/span><div class=\"wp-block-cover__inner-container is-layout-flow wp-block-cover-is-layout-flow\">\n\n\n<p>Oferujemy mieszkania segmentowe o \u0142\u0105cznej powierzchni u\u017cytkowej 98,82m2 kazde.<\/p>\n\n\n\n<p>Ka\u017cdy z lokali posiada dwie kondygnacje u\u017cytkowe oraz w\u0142asne wydzielone poddasze nieu\u017cytkowe mog\u0105ce pe\u0142ni\u0107 rol\u0119 strychu do magazynowania. <\/p>\n\n\n\n<p>Wszystkie lokale posiadaj\u0105 w\u0142asne wej\u015bcia do budynku, ogr\u00f3d z mo\u017cliwo\u015bci\u0105 wykonania tarasu oraz przynale\u017cne pod\u0142\u0105czenia pr\u0105du, wody, gazu oraz szamba.<\/p>\n\n\n\n<p>Obecnie oferujemy mieszkania A1, A2, B1, B2 &#8211; budynek jest w stanie surowym zamkni\u0119tym &#8211; zapraszamy na ogl\u0119dziny.<\/p>\n\n\n\n<p>Pozosta\u0142e budynki C-F obecnie s\u0105 na etapie przygotowa\u0144 &#8211; wkr\u00f3tce w ofercie<\/p>\n\n\n\n\n\n<figure class=\"wp-block-image size-large\"><img loading=\"lazy\" decoding=\"async\" width=\"1024\" height=\"576\" src=\"https:\/\/familijnydom.com\/wp-content\/uploads\/2024\/01\/plandomki2-1024x576.gif\" alt=\"\" class=\"wp-image-178\" srcset=\"https:\/\/familijnydom.com\/wp-content\/uploads\/2024\/01\/plandomki2-1024x576.gif 1024w, https:\/\/familijnydom.com\/wp-content\/uploads\/2024\/01\/plandomki2-300x169.gif 300w, https:\/\/familijnydom.com\/wp-content\/uploads\/2024\/01\/plandomki2-768x432.gif 768w, https:\/\/familijnydom.com\/wp-content\/uploads\/2024\/01\/plandomki2-500x281.gif 500w, https:\/\/familijnydom.com\/wp-content\/uploads\/2024\/01\/plandomki2-800x450.gif 800w\" sizes=\"auto, (max-width: 1024px) 100vw, 1024px\" \/><\/figure>\n\n\n\n<p>Lokalizacja: \u0141\u00f3d\u017a &#8211; Wiskitno, G\u00f3rna<\/p>\n\n\n\n<p>ul. Kolumny b.n., dz. 364\/7 w obr. G-55<\/p>\n\n\n<div id=\"wpgmza_map\" class=\"wpgmza_map\" data-settings='{\"id\":\"1\",\"map_title\":\"Kolumny Familijny Dom - mapa\",\"map_width\":\"100\",\"map_height\":\"400\",\"map_start_lat\":\"51.713590839480275\",\"map_start_lng\":\"19.57496118650818\",\"map_start_location\":\"45.950464398418106,-109.81550500000003\",\"map_start_zoom\":\"17\",\"default_marker\":\"\",\"type\":\"0\",\"alignment\":\"4\",\"directions_enabled\":\"0\",\"styling_enabled\":\"0\",\"styling_json\":\"\",\"active\":\"0\",\"kml\":\"\",\"bicycle\":\"0\",\"traffic\":\"0\",\"dbox\":\"0\",\"dbox_width\":\"\",\"listmarkers\":\"0\",\"listmarkers_advanced\":\"0\",\"filterbycat\":\"0\",\"ugm_enabled\":\"0\",\"ugm_category_enabled\":\"0\",\"fusion\":\"\",\"map_width_type\":\"%\",\"map_height_type\":\"px\",\"mass_marker_support\":\"0\",\"ugm_access\":\"0\",\"order_markers_by\":\"0\",\"order_markers_choice\":\"0\",\"show_user_location\":\"0\",\"default_to\":\"\",\"other_settings\":{\"map_type\":1,\"sl_stroke_color\":\"\",\"sl_fill_color\":\"\",\"sl_stroke_opacity\":\"\",\"sl_fill_opacity\":\"\",\"transport_layer\":false,\"action\":\"wpgmza_save_map\",\"redirect_to\":\"\\\/wp-admin\\\/admin-post.php\",\"map_id\":\"1\",\"http_referer\":\"\\\/wp-admin\\\/admin.php?page=wp-google-maps-menu&amp;amp;action=edit&amp;amp;map_id=1\",\"wpgmza_id\":\"1\",\"wpgmza_start_location\":\"51.713590839480275,19.57496118650818\",\"wpgmza_start_zoom\":\"17\",\"store_locator_enabled\":false,\"store_locator_search_area\":\"radial\",\"wpgmza_store_locator_radius_style\":\"legacy\",\"wpgmza_store_locator_default_radius\":\"10\",\"store_locator_auto_area_max_zoom\":\"\",\"store_locator_distance\":false,\"wpgmza_store_locator_position\":false,\"store_locator_show_distance\":false,\"store_locator_category\":false,\"wpgmza_store_locator_use_their_location\":false,\"wpgmza_store_locator_bounce\":false,\"wpgmza_sl_animation\":null,\"wpgmza_store_locator_hide_before_search\":false,\"store_locator_query_string\":\"\",\"store_locator_location_placeholder\":\"\",\"store_locator_default_address\":\"\",\"store_locator_name_search\":false,\"store_locator_name_string\":\"\",\"store_locator_not_found_message\":\"\",\"wpgmza_map_align\":\"1\",\"jump_to_nearest_marker_on_initialization\":false,\"automatically_pan_to_users_location\":false,\"override_users_location_zoom_level\":false,\"override_users_location_zoom_levels\":\"\",\"show_distance_from_location\":false,\"map_max_zoom\":\"21\",\"map_min_zoom\":\"0\",\"click_open_link\":false,\"fit_maps_bounds_to_markers\":false,\"fit_maps_bounds_to_markers_after_filtering\":false,\"hide_point_of_interest\":false,\"wpgmza_zoom_on_marker_click\":false,\"wpgmza_zoom_on_marker_click_slider\":\"\",\"close_infowindow_on_map_click\":false,\"disable_lightbox_images\":false,\"use_Raw_Jpeg_Coordinates\":false,\"disable_polygon_info_windows\":false,\"enable_marker_ratings\":false,\"only_load_markers_within_viewport\":false,\"iw_primary_color\":\"#000000\",\"iw_accent_color\":\"#000000\",\"iw_text_color\":\"#000000\",\"wpgmza_listmarkers_by\":\"0\",\"wpgmza_marker_listing_position\":false,\"zoom_level_on_marker_listing_override\":false,\"zoom_level_on_marker_listing_click\":\"\",\"marker_listing_disable_zoom\":false,\"datatable_no_result_message\":\"\",\"remove_search_box_datables\":false,\"dataTable_pagination_style\":null,\"datatable_search_string\":\"\",\"datatable_result_start\":\"\",\"datatable_result_of\":\"\",\"datatable_result_to\":\"\",\"datatable_result_total\":\"\",\"datatable_result_show\":\"\",\"datatable_result_entries\":\"\",\"wpgmza_savemap\":\"Zapisz map\\u0119 \\u00bb\"}}' data-map-id='1' Data-maps-engine='open-layers' data-shortcode-attributes='{\"id\":\"1\"}' style=\"display:block; overflow:auto; width:100%; height:400px; float:left;\"><\/div>\n\n<\/div><\/div>\n\n\n\n<figure class=\"wp-block-image size-large\"><img loading=\"lazy\" decoding=\"async\" width=\"1024\" height=\"1024\" src=\"https:\/\/familijnydom.com\/wp-content\/uploads\/2024\/01\/parter-kolor-1-1024x1024.gif\" alt=\"\" class=\"wp-image-217\" srcset=\"https:\/\/familijnydom.com\/wp-content\/uploads\/2024\/01\/parter-kolor-1-1024x1024.gif 1024w, https:\/\/familijnydom.com\/wp-content\/uploads\/2024\/01\/parter-kolor-1-300x300.gif 300w, https:\/\/familijnydom.com\/wp-content\/uploads\/2024\/01\/parter-kolor-1-150x150.gif 150w, https:\/\/familijnydom.com\/wp-content\/uploads\/2024\/01\/parter-kolor-1-768x768.gif 768w, https:\/\/familijnydom.com\/wp-content\/uploads\/2024\/01\/parter-kolor-1-500x500.gif 500w, https:\/\/familijnydom.com\/wp-content\/uploads\/2024\/01\/parter-kolor-1-800x800.gif 800w\" sizes=\"auto, (max-width: 1024px) 100vw, 1024px\" \/><\/figure>\n\n\n\n<figure class=\"wp-block-image size-large\"><img loading=\"lazy\" decoding=\"async\" width=\"1024\" height=\"1024\" src=\"https:\/\/familijnydom.com\/wp-content\/uploads\/2024\/01\/pietro-kolor-1024x1024.gif\" alt=\"\" class=\"wp-image-218\" srcset=\"https:\/\/familijnydom.com\/wp-content\/uploads\/2024\/01\/pietro-kolor-1024x1024.gif 1024w, https:\/\/familijnydom.com\/wp-content\/uploads\/2024\/01\/pietro-kolor-300x300.gif 300w, https:\/\/familijnydom.com\/wp-content\/uploads\/2024\/01\/pietro-kolor-150x150.gif 150w, https:\/\/familijnydom.com\/wp-content\/uploads\/2024\/01\/pietro-kolor-768x768.gif 768w, https:\/\/familijnydom.com\/wp-content\/uploads\/2024\/01\/pietro-kolor-500x500.gif 500w, https:\/\/familijnydom.com\/wp-content\/uploads\/2024\/01\/pietro-kolor-800x800.gif 800w\" sizes=\"auto, (max-width: 1024px) 100vw, 1024px\" \/><\/figure>\n\n\n\n<div class=\"wp-block-cover alignfull\"><span aria-hidden=\"true\" class=\"wp-block-cover__background has-foreground-background-color has-background-dim-100 has-background-dim\"><\/span><div class=\"wp-block-cover__inner-container is-layout-flow wp-block-cover-is-layout-flow\">\n<p class=\"has-text-align-center has-large-font-size\"><\/p>\n\n\n\n\n\n<figure class=\"wp-block-image size-large\"><img loading=\"lazy\" decoding=\"async\" width=\"1024\" height=\"576\" src=\"https:\/\/familijnydom.com\/wp-content\/uploads\/2023\/08\/render-36-kolumny-blizniak-2023-07-18-1024x576.png\" alt=\"\" class=\"wp-image-56\" srcset=\"https:\/\/familijnydom.com\/wp-content\/uploads\/2023\/08\/render-36-kolumny-blizniak-2023-07-18-1024x576.png 1024w, https:\/\/familijnydom.com\/wp-content\/uploads\/2023\/08\/render-36-kolumny-blizniak-2023-07-18-300x169.png 300w, https:\/\/familijnydom.com\/wp-content\/uploads\/2023\/08\/render-36-kolumny-blizniak-2023-07-18-768x432.png 768w, https:\/\/familijnydom.com\/wp-content\/uploads\/2023\/08\/render-36-kolumny-blizniak-2023-07-18-1536x864.png 1536w, https:\/\/familijnydom.com\/wp-content\/uploads\/2023\/08\/render-36-kolumny-blizniak-2023-07-18.png 1920w\" sizes=\"auto, (max-width: 1024px) 100vw, 1024px\" \/><\/figure>\n\n\n\n<p>parter\u25b2<\/p>\n\n\n\n<figure class=\"wp-block-image size-large\"><img loading=\"lazy\" decoding=\"async\" width=\"1024\" height=\"576\" src=\"https:\/\/familijnydom.com\/wp-content\/uploads\/2023\/08\/render-34-kolumny-blizniak-2023-07-18-1024x576.png\" alt=\"\" class=\"wp-image-55\" srcset=\"https:\/\/familijnydom.com\/wp-content\/uploads\/2023\/08\/render-34-kolumny-blizniak-2023-07-18-1024x576.png 1024w, https:\/\/familijnydom.com\/wp-content\/uploads\/2023\/08\/render-34-kolumny-blizniak-2023-07-18-300x169.png 300w, https:\/\/familijnydom.com\/wp-content\/uploads\/2023\/08\/render-34-kolumny-blizniak-2023-07-18-768x432.png 768w, https:\/\/familijnydom.com\/wp-content\/uploads\/2023\/08\/render-34-kolumny-blizniak-2023-07-18-1536x864.png 1536w, https:\/\/familijnydom.com\/wp-content\/uploads\/2023\/08\/render-34-kolumny-blizniak-2023-07-18.png 1920w\" sizes=\"auto, (max-width: 1024px) 100vw, 1024px\" \/><\/figure>\n\n\n\n<p>pi\u0119tro\u25b2<\/p>\n\n\n\n<figure class=\"wp-block-image size-large\"><img loading=\"lazy\" decoding=\"async\" width=\"1024\" height=\"576\" src=\"https:\/\/familijnydom.com\/wp-content\/uploads\/2023\/08\/render-33-kolumny-blizniak-2023-07-18-1024x576.png\" alt=\"\" class=\"wp-image-54\" srcset=\"https:\/\/familijnydom.com\/wp-content\/uploads\/2023\/08\/render-33-kolumny-blizniak-2023-07-18-1024x576.png 1024w, https:\/\/familijnydom.com\/wp-content\/uploads\/2023\/08\/render-33-kolumny-blizniak-2023-07-18-300x169.png 300w, https:\/\/familijnydom.com\/wp-content\/uploads\/2023\/08\/render-33-kolumny-blizniak-2023-07-18-768x432.png 768w, https:\/\/familijnydom.com\/wp-content\/uploads\/2023\/08\/render-33-kolumny-blizniak-2023-07-18-1536x864.png 1536w, https:\/\/familijnydom.com\/wp-content\/uploads\/2023\/08\/render-33-kolumny-blizniak-2023-07-18.png 1920w\" sizes=\"auto, (max-width: 1024px) 100vw, 1024px\" \/><\/figure>\n\n\n\n\n\n<figure class=\"wp-block-table\"><table><tbody><tr><td>pomieszczenie<\/td><td>WYSOKO\u015a\u0106 [m]<\/td><td>Pow u\u017cytkowa [m2]<\/td><\/tr><tr><td><strong>PARTER<\/strong><\/td><td>&nbsp;<\/td><td>&nbsp;<\/td><\/tr><tr><td>1. przedsionek<\/td><td>2,66<\/td><td>3,53<\/td><\/tr><tr><td>2. salon za aneksem &nbsp;&nbsp;&nbsp; kuchennym<\/td><td>2,66<\/td><td>36,92<\/td><\/tr><tr><td>3. \u0142azienka<\/td><td>2,66<\/td><td>7,83<\/td><\/tr><tr><td>&nbsp;<\/td><td><strong>RAZEM<\/strong><\/td><td>48,28<\/td><\/tr><tr><td><strong>PI\u0118TRO<\/strong><\/td><td>&nbsp;<\/td><td>&nbsp;<\/td><\/tr><tr><td>4. komunikacja<\/td><td>2,65<\/td><td>12,61<\/td><\/tr><tr><td>5. \u0142azienka<\/td><td>2,65<\/td><td>4,72<\/td><\/tr><tr><td>6. pok\u00f3j<\/td><td>2,65<\/td><td>9,95<\/td><\/tr><tr><td>7. pok\u00f3j<\/td><td>2,65<\/td><td>14,24<\/td><\/tr><tr><td>8. pok\u00f3j<\/td><td>2,65<\/td><td>9,02<\/td><\/tr><tr><td>&nbsp;<\/td><td><strong>RAZEM<\/strong><\/td><td>50,54<\/td><\/tr><tr><td>&nbsp;<\/td><td>&nbsp;<\/td><td>&nbsp;<\/td><\/tr><tr><td>&nbsp;<\/td><td><strong>RAZEM (CA\u0141O\u015a\u0106)<\/strong><\/td><td>98,82<\/td><\/tr><\/tbody><\/table><\/figure>\n\n\n<\/div><\/div>\n\n\n\n<div class=\"wp-block-cover alignfull\"><span aria-hidden=\"true\" class=\"wp-block-cover__background has-primary-background-color has-background-dim-100 has-background-dim\"><\/span><div class=\"wp-block-cover__inner-container is-layout-flow wp-block-cover-is-layout-flow\">\n<p class=\"has-text-align-center has-large-font-size\">Informacje dodatkowe<\/p>\n\n\n\n\n\n<p>Rynek &#8211; pierwotny<br>Typ og\u0142oszeniodawcy<br>Materia\u0142 budynku &#8211; ceramika<br>Okna &#8211; plastikowe<br>Liczba kondygnacji &#8211; 2 + poddasze nieu\u017cytkowe<br>Dach &#8211; sko\u015bny, pokrycie blachodach\u00f3wk\u0105<br>Media: szambo, pr\u0105d, gaz, telefon, woda<br>Dojazd utwardzony<br>Po\u0142o\u017cenie &#8211; miasto<br>Okolica &#8211; las<\/p>\n\n\n\n<p>rok budowy: 2023\/2024<\/p>\n\n\n\n\n\n<p><\/p>\n\n\n<\/div><\/div>\n\n\n\n<p><\/p>\n","protected":false},"excerpt":{"rendered":"","protected":false},"author":1,"featured_media":0,"parent":0,"menu_order":0,"comment_status":"closed","ping_status":"closed","template":"","meta":{"_coblocks_attr":"","_coblocks_dimensions":"","_coblocks_responsive_height":"","_coblocks_accordion_ie_support":"","_monsterinsights_skip_tracking":false,"_monsterinsights_sitenote_active":false,"_monsterinsights_sitenote_note":"","_monsterinsights_sitenote_category":0,"footnotes":""},"class_list":["post-259","page","type-page","status-publish","hentry","entry"],"aioseo_notices":[],"jetpack_sharing_enabled":true,"_links":{"self":[{"href":"https:\/\/familijnydom.com\/index.php?rest_route=\/wp\/v2\/pages\/259","targetHints":{"allow":["GET"]}}],"collection":[{"href":"https:\/\/familijnydom.com\/index.php?rest_route=\/wp\/v2\/pages"}],"about":[{"href":"https:\/\/familijnydom.com\/index.php?rest_route=\/wp\/v2\/types\/page"}],"author":[{"embeddable":true,"href":"https:\/\/familijnydom.com\/index.php?rest_route=\/wp\/v2\/users\/1"}],"replies":[{"embeddable":true,"href":"https:\/\/familijnydom.com\/index.php?rest_route=%2Fwp%2Fv2%2Fcomments&post=259"}],"version-history":[{"count":2,"href":"https:\/\/familijnydom.com\/index.php?rest_route=\/wp\/v2\/pages\/259\/revisions"}],"predecessor-version":[{"id":304,"href":"https:\/\/familijnydom.com\/index.php?rest_route=\/wp\/v2\/pages\/259\/revisions\/304"}],"wp:attachment":[{"href":"https:\/\/familijnydom.com\/index.php?rest_route=%2Fwp%2Fv2%2Fmedia&parent=259"}],"curies":[{"name":"wp","href":"https:\/\/api.w.org\/{rel}","templated":true}]}}